{"id":1415,"date":"2013-01-31T12:38:07","date_gmt":"2013-01-31T11:38:07","guid":{"rendered":"http:\/\/www.gbs-online.de\/?page_id=1415"},"modified":"2023-11-07T05:14:10","modified_gmt":"2023-11-07T04:14:10","slug":"antrag-auf-forderung","status":"publish","type":"page","link":"https:\/\/www.gbs-online.de\/?page_id=1415","title":{"rendered":"Antrag auf F\u00f6rderung"},"content":{"rendered":"<h2><em><strong>Allgemeine F\u00f6rderung von Projekten<\/strong><\/em><\/h2>\n<p>Ein Antrag auf F\u00f6rderung durch den F\u00f6rderverein kann von Sch\u00fclern, Lehrern und Eltern gestellt werden.&nbsp; Sollten Sie eine Idee f\u00fcr ein Projekt haben, w\u00fcrden wir uns freuen, von Ihnen zu h\u00f6ren.&nbsp; Bitte z\u00f6gern Sie nicht, uns zu kontaktieren (E-Mail an <a title=\"E-Mail an den F\u00f6rderverein\" href=\"mailto:info@foerderverein-gbs.de\" target=\"_blank\" rel=\"noopener\">info@foerderverein-gbs.de<\/a>). Wichtig ist nat\u00fcrlich der direkte Bezug zur GBS und dessen Schulbetrieb.&nbsp; Bitte drucken Sie dazu unser Antragsformular aus, f\u00fcllen es aus und senden es per Post an<\/p>\n<p>Verein Georg B\u00fcchner Schule e.V.<br \/>\nNieder-Ramst\u00e4dter Stra\u00dfe 120<br \/>\n64285 Darmstadt<\/p>\n<p>Der Antrag wird dann nach Pr\u00fcfung durch die Schulleitung auf der n\u00e4chsten turnusm\u00e4\u00dfigen Sitzung des F\u00f6rdervereins besprochen und Sie werden \u00fcber den Ausgang benachrichtigt.&nbsp; Bei einem gr\u00f6\u00dferen Propekt laden wir Sie auch gerne in die Sitzung des F\u00f6rderveeins ein, um Ihr Projekt vorzustellen.&nbsp; Gerne freuen wir uns auch \u00fcber eine E-Mail vorab, wenn Sie den Antrag auf den Weg gebracht haben.<\/p>\n<p>Hier geht&#8217;s zum Antragsformular:&nbsp;<a title=\"F\u00f6rderantrag (DOCX)\" href=\"http:\/\/www.gbs-online.de\/?post_type=document&amp;p=2780\" target=\"_blank\" rel=\"noopener\">Microsoft Word Format<\/a>&nbsp; <a title=\"F\u00f6rderantrag (PDF)\" href=\"http:\/\/www.gbs-online.de\/?post_type=document&amp;p=2783\" target=\"_blank\" rel=\"noopener\">PDF-Format <\/a>(ausf\u00fcllbar).<\/p>\n<p>F\u00fcr Lehrkr\u00e4fte des GBS: <a href=\"https:\/\/www.gbs-online.de\/?post_type=document&amp;p=4090\" target=\"_blank\" rel=\"noopener\">PDF-Format<\/a> (ausf\u00fcllbar)<\/p>\n<p>&nbsp;<\/p>\n<h2>Individuelle Unterst\u00fctzung bed\u00fcrftiger Familien<\/h2>\n<p>Der F\u00f6rderverein sieht die individuelle Unterst\u00fctzung finanziell bed\u00fcrftiger Sch\u00fclerinnen und Sch\u00fcler, bzw. deren Eltern als eine seiner wesentlichen Aufgaben. Er m\u00f6chte diesen SuS die Teilnahme sowohl an den verbindlichen (Sozialtage 5, Klassenfahrt 6, Skifahrt 8, Studienfahrt Q3) als auch an fakultativen Fahrten (z.B. Austausche, Auslandspraktikum, Musikfreizeit) erm\u00f6glichen.<\/p>\n<p>Dabei ist der F\u00f6rderverein verpflichtet, mit den ihm anvertrauten Geldern (Spenden) verantwortungsbewusst umzugehen. Deshalb ist jede individuelle F\u00f6rderung an Voraussetzungen gebunden:<\/p>\n<ul>\n<li>Staatliche Unterst\u00fctzungsma\u00dfnahmen haben Vorrang; der F\u00f6rderverein kann erst dann helfen, wenn diese nachweislich nicht ausreichen.<\/li>\n<li>Die F\u00f6rderung <strong>muss vor einer verbindlichen Fahrtzusage beantragt und bewilligt sein<\/strong>.<\/li>\n<li>Die finanzielle Bed\u00fcrftigkeit muss plausibel verdeutlicht werden.<\/li>\n<\/ul>\n<p>Daraus ergibt sich folgendes Prozedere:<\/p>\n<ul>\n<li>Die f\u00fcr eine Fahrt verantwortliche Lehrkraft informiert die Zielgruppe (Klasse, Gruppe, Jahrgang) m\u00f6glichst fr\u00fchzeitig \u00fcber die zu erwartenden Kosten und legt einen ungef\u00e4hren Kostenplan vor, aus dem hervorgeht, welche Kosten verbindlich und ggfs. welche indivi-duell\/ fakultativ anfallen werden (z.B. Zusatzangebote im Rahmen der Fahrt), au\u00dferdem die Zahlungstermine.<br \/>\nDie Lehrkraft erh\u00e4lt von den Eltern eine <strong><u>rechtsverbindliche Zusage<\/u><\/strong> der Teilnahme ihres Kindes (Beauftragung der Lehrkraft zum Abschluss der notwendigen Rechtsgesch\u00e4fte).<br \/>\nDamit haben sich die Eltern zur vollen Kosten\u00fcbernahme verpflichtet.<\/li>\n<li><strong><u>Vor <\/u><\/strong>dieser Zusage stellen die Eltern die Finanzierbarkeit der Fahrt sicher. Wenn sie die Kosten nicht vollst\u00e4ndig selbst aufbringen k\u00f6nnen, informieren sie die Lehrkraft zeitnah.<\/li>\n<li>Die Eltern stellen einen <strong>Antrag<\/strong> auf Leistungen aus dem <strong>Bildungs- und Teilhabepaket<\/strong> (BuT) bei der Stadt Darmstadt. Dies k\u00f6nnen auch Eltern tun, die ansonsten keine soziale Unterst\u00fctzung (Hartz 4, Wohngeld, Asylunterst\u00fctzung) erhalten.<br \/>\nBei Bedarf k\u00f6nnen sie sich dabei an <strong>KOMM<\/strong> (Webseite: <a href=\"http:\/\/www.komm-cjd.de\">http:\/\/www.komm-cjd.de<\/a>) wenden: Hilfe bei der Antragstellung, Information \u00fcber eventuelle weitere Unterst\u00fctzungsm\u00f6glichkeiten\/F\u00f6rdert\u00f6pfe.<\/li>\n<li>Wenn \u00fcber BuT (oder eine Alternative) eine volle Kosten\u00fcbernahme bewilligt wird, ist die Finanzierung gesichert.<br \/>\nWenn nicht, erstellen die Eltern einen <strong>Finanzierungsplan<\/strong>: Welche Summe k\u00f6nnen sie selbst aufbringen, ggfs. welche Summe wird gef\u00f6rdert und wie hoch ist der ungedeckte <strong>Restbetrag<\/strong>?<\/li>\n<li>In einem Gespr\u00e4ch mit <strong>KOMM<\/strong> wird dieser Finanzierungsplan besprochen und die finanzielle Bed\u00fcrftigkeit glaubhaft gemacht. (Dabei geht es nicht um Offenlegung von vertraulichen Dokumenten, wie z.B. Gehaltsnachweisen; dies kann nicht gefordert werden.)<br \/>\nNach dem Gespr\u00e4ch verfasst <strong>KOMM<\/strong> eine schriftliche Stellungnahme f\u00fcr den Vorstand des F\u00f6rdervereins.<\/li>\n<li>Die Eltern stellen <strong>\u00fcber die verantwortliche Lehrkraft<\/strong> beim <strong>F\u00f6rderverein<\/strong> einen <strong>Antrag<\/strong> (Formular unter <a href=\"http:\/\/www.gbs-online.de\">www.gbs-online.de<\/a>).<\/li>\n<li>Der Haushaltsausschuss des F\u00f6rdervereins entscheidet nach <strong>Einzelfallpr\u00fcfung<\/strong>. Bei der Entscheidung werden auch die Finanzlage des Vereins, die Zahl der eingereichten Antr\u00e4ge f\u00fcr eine Fahrt sowie (nur bei fakultativen Fahrten) der schulische Leistungsstand und das Verhalten des Sch\u00fclers\/der Sch\u00fclerin in den zur\u00fcckliegenden zwei Jahren ber\u00fccksichtigt (Stellungnahme der Lehrkraft und der Schulleitung).<\/li>\n<li>Nach der Entscheidung werden Antragsteller und Lehrkraft vom Vorstand des F\u00f6rdervereins zeitnah schriftlich informiert. Die bewilligte F\u00f6rdersumme wird immer auf das Konto der Lehrkraft \u00fcberwiesen. Bei Nichtteilnahme an der Fahrt muss sie r\u00fcckerstattet werden.<\/li>\n<li><strong><u>Erst nach einer Zusage<\/u><\/strong> kann die Lehrkraft verbindliche Rechtsgesch\u00e4fte zur Fahrt f\u00fcr den Sch\u00fcler\/die Sch\u00fclerin t\u00e4tigen.<\/li>\n<\/ul>\n<p>Daher empfiehlt sich ein Vorlauf von mehreren Monaten.<br \/>\n<strong><em>Eine sp\u00e4tere \/ nachtr\u00e4gliche Kosten\u00fcbernahme durch den F\u00f6rderverein ist nicht m\u00f6glich!<\/em><\/strong><\/p>\n<p>Wir bitten um Beachtung dieses Prozedere bei zuk\u00fcnftigen F\u00f6rderungen.<\/p>\n<p>F\u00fcr R\u00fcckfragen oder eine vertrauliche und unverbindliche Voranfrage stehen wir Ihnen gerne per E-Mail zur Verf\u00fcgung: <a title=\"E-Mail an den F\u00f6rderverein\" href=\"mailto:info@foerderverein-gbs.de\" target=\"_blank\" rel=\"noopener\">info@foerderverein-gbs.de<\/a><\/p>\n<div id=\"kpm_content_wrapper\" class=\"notranslate\">&nbsp;<\/div>\n","protected":false},"excerpt":{"rendered":"<p>Allgemeine F\u00f6rderung von Projekten Ein Antrag auf F\u00f6rderung durch den F\u00f6rderverein kann von Sch\u00fclern, Lehrern und Eltern gestellt werden.&nbsp; Sollten<\/p>\n","protected":false},"author":1,"featured_media":0,"parent":7,"menu_order":1,"comment_status":"closed","ping_status":"closed","template":"","meta":{"ngg_post_thumbnail":0,"footnotes":""},"class_list":["post-1415","page","type-page","status-publish","hentry"],"_links":{"self":[{"href":"https:\/\/www.gbs-online.de\/index.php?rest_route=\/wp\/v2\/pages\/1415","targetHints":{"allow":["GET"]}}],"collection":[{"href":"https:\/\/www.gbs-online.de\/index.php?rest_route=\/wp\/v2\/pages"}],"about":[{"href":"https:\/\/www.gbs-online.de\/index.php?rest_route=\/wp\/v2\/types\/page"}],"author":[{"embeddable":true,"href":"https:\/\/www.gbs-online.de\/index.php?rest_route=\/wp\/v2\/users\/1"}],"replies":[{"embeddable":true,"href":"https:\/\/www.gbs-online.de\/index.php?rest_route=%2Fwp%2Fv2%2Fcomments&post=1415"}],"version-history":[{"count":18,"href":"https:\/\/www.gbs-online.de\/index.php?rest_route=\/wp\/v2\/pages\/1415\/revisions"}],"predecessor-version":[{"id":4221,"href":"https:\/\/www.gbs-online.de\/index.php?rest_route=\/wp\/v2\/pages\/1415\/revisions\/4221"}],"up":[{"embeddable":true,"href":"https:\/\/www.gbs-online.de\/index.php?rest_route=\/wp\/v2\/pages\/7"}],"wp:attachment":[{"href":"https:\/\/www.gbs-online.de\/index.php?rest_route=%2Fwp%2Fv2%2Fmedia&parent=1415"}],"curies":[{"name":"wp","href":"https:\/\/api.w.org\/{rel}","templated":true}]}}