{"id":3506,"date":"2018-04-15T20:40:03","date_gmt":"2018-04-15T18:40:03","guid":{"rendered":"http:\/\/www.gbs-online.de\/?page_id=3506"},"modified":"2023-11-07T05:13:16","modified_gmt":"2023-11-07T04:13:16","slug":"datenschutz-beim-foerderverein","status":"publish","type":"page","link":"https:\/\/www.gbs-online.de\/?page_id=3506","title":{"rendered":"Datenschutz beim F\u00f6rderverein"},"content":{"rendered":"<p>Die neue Datenschutzgrundverordnung (DSGVO) der EU dient zum Schutz der Verbraucher und deren Daten.&nbsp; Mit der DSGVO bekommen Mitglieder und Personen, deren Daten beim F\u00f6rderverein gespeichert sind, umfassendere Auskunfts- und Einsichtsrechte. Auf dieser Seite m\u00f6chten wir Sie daher proaktiv dar\u00fcber informieren<\/p>\n<ol>\n<li>Welche Daten der F\u00f6rderverein \u00fcber seine Mitglieder erhebt,<\/li>\n<li>Wie und wo diese Daten gespeichert werden,<\/li>\n<li>Wer mit den Daten arbeitet, bzw. Einblick in diese hat,<\/li>\n<li>Ob und in welchem Umfang die Daten der Mitglieder an Dritte weitergegeben werden<\/li>\n<\/ol>\n<p>Bei Fragen wenden Sie sich bitte direkt an den Vorsitzenden des F\u00f6rdervereins.&nbsp; Die E-Mail-Adresse und die Postadresse finden Sie im Impressum.<\/p>\n<p>&nbsp;<\/p>\n<p><strong><em><u>Welche Daten speichert der F\u00f6rderverein von seinen Mitgliedern?<\/u><\/em><\/strong><\/p>\n<p>Der F\u00f6rderverein speichert \u00fcber seine Mitglieder die Daten, die auf der <a href=\"http:\/\/www.gbs-online.de\/?post_type=document&amp;p=2483\" target=\"_blank\" rel=\"noopener\">Beitrittserkl\u00e4rung<\/a> aufgef\u00fchrt sind und von den Mitgliedern im Zuge des Beitritts angegeben wurden.&nbsp;<\/p>\n<p>Pflichtdaten sind:<\/p>\n<ul>\n<li>Name, Vorname<\/li>\n<li>Adresse<\/li>\n<li>Bankverbindung<\/li>\n<li>F\u00f6rderbeitrag<\/li>\n<li>SEPA-Lastschriftenerm\u00e4chtigung<\/li>\n<\/ul>\n<p>Optionale, von den Mitgliedern freiwillig angegebene Daten<\/p>\n<ul>\n<li>E-Mail-Adresse<\/li>\n<li>Beziehung zur GBS (z.B. Lehrkraft, Eltern eines Kindes an der GBS, etc.)<\/li>\n<\/ul>\n<p>Ferner wird jegliche Korrespondenz der Mitglieder mit dem F\u00f6rderverein gem\u00e4\u00df der gesetzlich vorgegebenen Fristen aufbewahrt.&nbsp;<\/p>\n<p>Sollten personenbezogene Daten in Protokollen oder Berichten zu Aktivit\u00e4ten des F\u00f6rdervereins auftauchen, so werden diese ebenfalls gespeichert.<\/p>\n<p>&nbsp;<\/p>\n<p><strong><em><u>Wie und wo sind die Daten der Mitglieder gespeichert?<\/u><\/em><\/strong><\/p>\n<p>Die Daten der Mitglieder werden in elektronischer und schriftlicher Form gespeichert.<\/p>\n<p><strong><em>a) Speicherung in elektronischer Form<\/em><\/strong><\/p>\n<p>Der F\u00f6rderverein legt folgende Information in elektronischer Form ab:<\/p>\n<ul>\n<li>Die in der Beitrittserkl\u00e4rung von den Mitgliedern ausgef\u00fcllten Daten<\/li>\n<li>Protokolle \u00fcber Sitzungen, F\u00f6rderantr\u00e4ge, Berichte \u00fcber Aktivit\u00e4ten des F\u00f6rdervereins,<\/li>\n<li>E-Mail-Verkehr mit den Mitgliedern<\/li>\n<li>Zum Betreiben der Internet-Pr\u00e4senz (<a href=\"http:\/\/www.gbs-online.de\">gbs-online.de<\/a>) notwendige Daten<\/li>\n<\/ul>\n<p>Die Daten werden auf den EDV-Systemen des Vorsitzenden und der Kassenwartin abgelegt.&nbsp; Protokolle \u00fcber Sitzungen, F\u00f6rderantr\u00e4ge, Berichte \u00fcber Aktivit\u00e4ten des F\u00f6rdervereins werden vom Schriftf\u00fchrer erstellt und auf dessen EDV-System abgelegt, sowie zur Abstimmung und Genehmigung per E-Mail an die Mitglieder des erweiterten Vorstands verteilt und somit ggf. auch von diesem gespeichert.<\/p>\n<p>Auf der Internet-Pr\u00e4senz des F\u00f6rdervereins (<a href=\"http:\/\/www.gbs-online.de\">www.gbs-online.de<\/a>) werden keine personenbezogenen Daten der Mitglieder gespeichert.&nbsp; Ausnahmen sind:<\/p>\n<ul>\n<li>Die im Impressum vorgeschriebenen Daten des Vorstands,<\/li>\n<li>Die Daten, die die Mitglieder freiwillig beim Posten von Kommentaren hinterlassen<\/li>\n<\/ul>\n<p>Die Daten der Internet-Pr\u00e4senz des F\u00f6rdervereins werden von der 1&amp;1 Internet SE, Elgendorfer Str. 57, 56410 Montabaur gehostet (<a href=\"http:\/\/unternehmen.1und1.de\/impressum\/\">www.1und1.de<\/a>)<\/p>\n<p><strong><em>b) Speicherung in schriftlicher Form<\/em><\/strong><\/p>\n<p>Der F\u00f6rderverein legt folgende, ggf. personenbezogene Informationen in schriftlicher Form ab:<\/p>\n<ul>\n<li>Die von den Mitgliedern ausgef\u00fcllten Beitrittserkl\u00e4rungen<\/li>\n<li>Protokolle \u00fcber Sitzungen und die JHV<\/li>\n<li>Berichte \u00fcber Aktivit\u00e4ten des F\u00f6rdervereins<\/li>\n<\/ul>\n<p>Die Schriftst\u00fccke werden in vom Vorsitzenden, der Kassenwartin oder dem Schriftf\u00fchrer verwalteten Aufbewahrungsorten gelagert.&nbsp;<\/p>\n<p>&nbsp;<\/p>\n<p><strong><em><u>Wer hat Zugriff und Einblick in die Daten der Mitglieder?<\/u><\/em><\/strong><\/p>\n<p>Beim F\u00f6rderverein haben lediglich 2 Personen direkten Zugriff auf die gespeicherten Daten der Mitglieder:<\/p>\n<ul>\n<li>Der Vorsitzende \u2013 zum Zwecke der Einladung zur JHV und zur Kommunikation \u00fcber Termine und wichtige Angelegenheiten<\/li>\n<li>Die Kassenwartin \u2013 zum Zwecke der Buchf\u00fchrung, des Bankeinzugs und Verwaltung der F\u00f6rderbeitr\u00e4ge<\/li>\n<\/ul>\n<p>In notwendigen Ausnahmef\u00e4llen (z.B. beim Versenden der Einladungsbriefe zur JHV, beim Erstellen von Protokollen, oder bei der Diskussion von gestellten F\u00f6rderantr\u00e4gen) bekommen auch Mitglieder des erweiterten Vorstands tempor\u00e4r Einblick in die Mitgliederdaten.&nbsp; Diese Einsicht ist jedoch zweckgebunden und tempor\u00e4r.&nbsp; Ein allgemeing\u00fcltiger und permanenter Zugriff besteht nicht und wird auch nicht gew\u00e4hrt.<\/p>\n<p>Ferner bekommen gem\u00e4\u00df Satzung jedes Jahr im Rahmen der Kassenpr\u00fcfung zwei von der JHV gew\u00e4hlte Kassenpr\u00fcfer Einblick in die Buchf\u00fchrung des F\u00f6rdervereins.&nbsp; Dabei kann ggf. ein Einblick in personenbezogene Daten entstehen.&nbsp; Auch dieser Einblick ist zweckgebunden und tempor\u00e4r.&nbsp;<\/p>\n<p>&nbsp;<\/p>\n<p><strong><em><u>Werden die Daten der Mitglieder an Dritte weitergegeben?<\/u><\/em><\/strong><\/p>\n<p>Nein.&nbsp; Der F\u00f6rderverein gibt die Daten seiner Mitglieder nicht an Dritte weiter.&nbsp; Ausnahmen gelten lediglich f\u00fcr Auskunftsersuchen der Polizei bzw. anderer staatlicher Beh\u00f6rden, sofern von den geltenden Gesetzen erlaubt und gefordert.&nbsp; In diesem Fall wird der F\u00f6rderverein das betroffene Mitglied \u00fcber die geleistete Auskunft umgehend informieren.<\/p>\n<p>&nbsp;<\/p>\n<p>Wir nehmen den Schutz der Daten unserer Mitglieder ernst und stehen Ihnen f\u00fcr Fragen und Anregungen rund um den Datenschutz beim F\u00f6rderverein sehr gerne zur Verf\u00fcgung. Die E-Mail-Adresse und die Postadresse finden Sie im Impressum<\/p>\n<p>Aktualisiert am: 03. Dezember 2022<\/p>\n","protected":false},"excerpt":{"rendered":"<p>Die neue Datenschutzgrundverordnung (DSGVO) der EU dient zum Schutz der Verbraucher und deren Daten.&nbsp; Mit der DSGVO bekommen Mitglieder und<\/p>\n","protected":false},"author":1,"featured_media":0,"parent":7,"menu_order":1,"comment_status":"closed","ping_status":"closed","template":"","meta":{"ngg_post_thumbnail":0,"footnotes":""},"class_list":["post-3506","page","type-page","status-publish","hentry"],"_links":{"self":[{"href":"https:\/\/www.gbs-online.de\/index.php?rest_route=\/wp\/v2\/pages\/3506","targetHints":{"allow":["GET"]}}],"collection":[{"href":"https:\/\/www.gbs-online.de\/index.php?rest_route=\/wp\/v2\/pages"}],"about":[{"href":"https:\/\/www.gbs-online.de\/index.php?rest_route=\/wp\/v2\/types\/page"}],"author":[{"embeddable":true,"href":"https:\/\/www.gbs-online.de\/index.php?rest_route=\/wp\/v2\/users\/1"}],"replies":[{"embeddable":true,"href":"https:\/\/www.gbs-online.de\/index.php?rest_route=%2Fwp%2Fv2%2Fcomments&post=3506"}],"version-history":[{"count":9,"href":"https:\/\/www.gbs-online.de\/index.php?rest_route=\/wp\/v2\/pages\/3506\/revisions"}],"predecessor-version":[{"id":4114,"href":"https:\/\/www.gbs-online.de\/index.php?rest_route=\/wp\/v2\/pages\/3506\/revisions\/4114"}],"up":[{"embeddable":true,"href":"https:\/\/www.gbs-online.de\/index.php?rest_route=\/wp\/v2\/pages\/7"}],"wp:attachment":[{"href":"https:\/\/www.gbs-online.de\/index.php?rest_route=%2Fwp%2Fv2%2Fmedia&parent=3506"}],"curies":[{"name":"wp","href":"https:\/\/api.w.org\/{rel}","templated":true}]}}