{"id":47,"date":"2011-12-14T20:42:04","date_gmt":"2011-12-14T19:42:04","guid":{"rendered":"http:\/\/www.gbs-online.de\/?page_id=47"},"modified":"2026-03-25T10:59:29","modified_gmt":"2026-03-25T09:59:29","slug":"termine","status":"publish","type":"page","link":"https:\/\/www.gbs-online.de\/?page_id=47","title":{"rendered":"Termine des F\u00f6rdervereins GBS Darmstadt"},"content":{"rendered":"<p><span style=\"color: #000000;\">Hier finden Sie alle aktuellen Termine des F\u00f6rdervereins:<\/span><\/p>\n<ul>\n<li><span style=\"color: #000000;\">N\u00e4chste <strong>Sitzungen der Ausschusssitzung<\/strong>: <\/span>\n<ul>\n<li>Dienstag, 21.4.2026, 19:00 Uhr, <span style=\"color: #000000;\"><em>Raum Mensa, Georg-B\u00fcchner-Schule Darmstadt<\/em><\/span><\/li>\n<li>Dienstag, 26.5.2026, 19:00 Uhr<\/li>\n<\/ul>\n<\/li>\n<li><span style=\"color: #000000;\"><strong>Jahreshauptversammlung 2026<\/strong>:&nbsp;<em><span style=\"color: #ff0000;\"><strong>Dienstag, 21.04.2026<\/strong><\/span>, 20:00 Uhr, Mensa, Georg-B\u00fcchner-Schule Darmstadt<\/em>. Die Einladungen zur JHV 2026 werden bis Mitte M\u00e4rz 2026 per E-Mail an alle Mitglieder verschickt.&nbsp;<br \/>\n<\/span><span style=\"color: #000000;\">Antr\u00e4ge bitte per E-Mail an <a title=\"E-Mail an dern F\u00f6rderverein GBS\" href=\"mailto:info@foerderverein-gbs.de\" target=\"_blank\" rel=\"noopener\">info@foerderverein-gbs.de<\/a><\/span><\/li>\n<\/ul>\n<div id=\"kpm_content_wrapper\" class=\"notranslate\">&nbsp;<\/div>\n","protected":false},"excerpt":{"rendered":"<p>Hier finden Sie alle aktuellen Termine des F\u00f6rdervereins: N\u00e4chste Sitzungen der Ausschusssitzung: Dienstag, 21.4.2026, 19:00 Uhr, Raum Mensa, Georg-B\u00fcchner-Schule Darmstadt<\/p>\n","protected":false},"author":1,"featured_media":0,"parent":7,"menu_order":22,"comment_status":"closed","ping_status":"closed","template":"","meta":{"ngg_post_thumbnail":0,"footnotes":""},"class_list":["post-47","page","type-page","status-publish","hentry"],"_links":{"self":[{"href":"https:\/\/www.gbs-online.de\/index.php?rest_route=\/wp\/v2\/pages\/47","targetHints":{"allow":["GET"]}}],"collection":[{"href":"https:\/\/www.gbs-online.de\/index.php?rest_route=\/wp\/v2\/pages"}],"about":[{"href":"https:\/\/www.gbs-online.de\/index.php?rest_route=\/wp\/v2\/types\/page"}],"author":[{"embeddable":true,"href":"https:\/\/www.gbs-online.de\/index.php?rest_route=\/wp\/v2\/users\/1"}],"replies":[{"embeddable":true,"href":"https:\/\/www.gbs-online.de\/index.php?rest_route=%2Fwp%2Fv2%2Fcomments&post=47"}],"version-history":[{"count":82,"href":"https:\/\/www.gbs-online.de\/index.php?rest_route=\/wp\/v2\/pages\/47\/revisions"}],"predecessor-version":[{"id":4234,"href":"https:\/\/www.gbs-online.de\/index.php?rest_route=\/wp\/v2\/pages\/47\/revisions\/4234"}],"up":[{"embeddable":true,"href":"https:\/\/www.gbs-online.de\/index.php?rest_route=\/wp\/v2\/pages\/7"}],"wp:attachment":[{"href":"https:\/\/www.gbs-online.de\/index.php?rest_route=%2Fwp%2Fv2%2Fmedia&parent=47"}],"curies":[{"name":"wp","href":"https:\/\/api.w.org\/{rel}","templated":true}]}}