{"id":51,"date":"2011-12-14T20:43:32","date_gmt":"2011-12-14T19:43:32","guid":{"rendered":"http:\/\/www.gbs-online.de\/?page_id=51"},"modified":"2025-01-12T12:03:13","modified_gmt":"2025-01-12T11:03:13","slug":"kontakt","status":"publish","type":"page","link":"https:\/\/www.gbs-online.de\/?page_id=51","title":{"rendered":"Kontakt zum F\u00f6rderverein GBS Darmstadt"},"content":{"rendered":"<p>Mit uns Kontakt aufzunehmen ist einfach: Schicken Sie uns eine E-Mail an <a title=\"E-Mail an den F\u00f6rderverein GBS Darmstadt\" href=\"mailto:info@foerderverein-gbs.de\" target=\"_blank\" rel=\"noopener\">info@foerderverein-gbs.de<\/a>.&nbsp; Sollten Sie ein pers\u00f6nliches Gespr\u00e4ch f\u00fchren wollten, so teilen Sie uns Ihre Rufnummer mit.&nbsp; Wir rufen Sie dann zur\u00fcck.<\/p>\n<p>Unsere Postanschrift lautet:<\/p>\n<p>Verein Georg-B\u00fcchner-Schule Darmstadt<br \/>\nNieder-Ramst\u00e4dter Str. 120<\/p>\n<p>64285 Darmstadt<\/p>\n<p>Hier noch einige Ansprechpartner, falls Sie Fragen zum Verein und seiner Arbeit haben sollten:<\/p>\n<p>Julia Jeromin (Vorsitzende)<br \/>\nOliver Seipp (Stellvertretender Vorsitzender)<br \/>\nAndrea Ihringer (Kassenwartin)<br \/>\nVolker Himmelmann (Vertreter des Lehrerkollegiums)<\/p>\n","protected":false},"excerpt":{"rendered":"<p>Mit uns Kontakt aufzunehmen ist einfach: Schicken Sie uns eine E-Mail an info@foerderverein-gbs.de.&nbsp; Sollten Sie ein pers\u00f6nliches Gespr\u00e4ch f\u00fchren wollten,<\/p>\n","protected":false},"author":1,"featured_media":0,"parent":7,"menu_order":24,"comment_status":"closed","ping_status":"closed","template":"","meta":{"ngg_post_thumbnail":0,"footnotes":""},"class_list":["post-51","page","type-page","status-publish","hentry"],"_links":{"self":[{"href":"https:\/\/www.gbs-online.de\/index.php?rest_route=\/wp\/v2\/pages\/51","targetHints":{"allow":["GET"]}}],"collection":[{"href":"https:\/\/www.gbs-online.de\/index.php?rest_route=\/wp\/v2\/pages"}],"about":[{"href":"https:\/\/www.gbs-online.de\/index.php?rest_route=\/wp\/v2\/types\/page"}],"author":[{"embeddable":true,"href":"https:\/\/www.gbs-online.de\/index.php?rest_route=\/wp\/v2\/users\/1"}],"replies":[{"embeddable":true,"href":"https:\/\/www.gbs-online.de\/index.php?rest_route=%2Fwp%2Fv2%2Fcomments&post=51"}],"version-history":[{"count":16,"href":"https:\/\/www.gbs-online.de\/index.php?rest_route=\/wp\/v2\/pages\/51\/revisions"}],"predecessor-version":[{"id":4139,"href":"https:\/\/www.gbs-online.de\/index.php?rest_route=\/wp\/v2\/pages\/51\/revisions\/4139"}],"up":[{"embeddable":true,"href":"https:\/\/www.gbs-online.de\/index.php?rest_route=\/wp\/v2\/pages\/7"}],"wp:attachment":[{"href":"https:\/\/www.gbs-online.de\/index.php?rest_route=%2Fwp%2Fv2%2Fmedia&parent=51"}],"curies":[{"name":"wp","href":"https:\/\/api.w.org\/{rel}","templated":true}]}}