{"id":59,"date":"2011-12-14T20:46:02","date_gmt":"2011-12-14T19:46:02","guid":{"rendered":"http:\/\/www.gbs-online.de\/?page_id=59"},"modified":"2023-11-07T05:15:17","modified_gmt":"2023-11-07T04:15:17","slug":"mitglied-werden","status":"publish","type":"page","link":"https:\/\/www.gbs-online.de\/?page_id=59","title":{"rendered":"Mitglied werden im F\u00f6rderverein GBS Darmstadt"},"content":{"rendered":"<p>Sch\u00f6n, dass Sie sich daf\u00fcr interessieren, Mitglied im F\u00f6rderverein zu werden.&nbsp; Wenn Sie Mitglied werden m\u00f6chten, so laden Sie sich bitte unsere <a title=\"Beitrittserkl\u00e4rung SEPA (PDF)\" href=\"http:\/\/www.gbs-online.de\/?post_type=document&amp;p=2483\" target=\"_blank\" rel=\"noopener\">Beitrittserkl\u00e4rung <\/a>herunter, drucken diese aus und schicken Sie diese bitte ausgef\u00fcllt zur\u00fcck an<\/p>\n<p><strong>Verein Georg-B\u00fcchner-Schule<\/strong><br \/>\n<strong> Nieder-Ramst\u00e4dter-Str. 120<\/strong><\/p>\n<p><strong>64285 Darmstadt<\/strong><\/p>\n<p>&nbsp;<\/p>\n<p>Der Mindestbeitrag betr\u00e4gt 20 Euro pro Jahr (Sch\u00fcler und Studenten 5 Euro pro Jahr).&nbsp; Wenn Sie gerne mehr f\u00f6rdern m\u00f6chten, so tr\u00e4gen Sie einfach den Betrag ein, mit dem Sie unsere Arbeit pro Jahr unterst\u00fctzen m\u00f6chten. Die Mitgliedschaft kann jeweils zum Jahresende beendet werden.<\/p>\n<p>Wenn Sie noch Fragen haben, so senden Sie uns einfach eine E-Mail an <a title=\"E-Mail an den F\u00f6rderverein\" href=\"mailto:info@foerderverein-gbs.de\" target=\"_blank\" rel=\"noopener\">info@foerderverein-gbs.de<\/a>. Wir setzen uns dann umgehend mit Ihnen in Verbindung.<\/p>\n<p>Vielen Dank f\u00fcr Ihre Unterst\u00fctzung<\/p>\n","protected":false},"excerpt":{"rendered":"<p>Sch\u00f6n, dass Sie sich daf\u00fcr interessieren, Mitglied im F\u00f6rderverein zu werden.&nbsp; Wenn Sie Mitglied werden m\u00f6chten, so laden Sie sich<\/p>\n","protected":false},"author":1,"featured_media":0,"parent":7,"menu_order":25,"comment_status":"closed","ping_status":"closed","template":"","meta":{"ngg_post_thumbnail":0,"footnotes":""},"class_list":["post-59","page","type-page","status-publish","hentry"],"_links":{"self":[{"href":"https:\/\/www.gbs-online.de\/index.php?rest_route=\/wp\/v2\/pages\/59","targetHints":{"allow":["GET"]}}],"collection":[{"href":"https:\/\/www.gbs-online.de\/index.php?rest_route=\/wp\/v2\/pages"}],"about":[{"href":"https:\/\/www.gbs-online.de\/index.php?rest_route=\/wp\/v2\/types\/page"}],"author":[{"embeddable":true,"href":"https:\/\/www.gbs-online.de\/index.php?rest_route=\/wp\/v2\/users\/1"}],"replies":[{"embeddable":true,"href":"https:\/\/www.gbs-online.de\/index.php?rest_route=%2Fwp%2Fv2%2Fcomments&post=59"}],"version-history":[{"count":12,"href":"https:\/\/www.gbs-online.de\/index.php?rest_route=\/wp\/v2\/pages\/59\/revisions"}],"predecessor-version":[{"id":4118,"href":"https:\/\/www.gbs-online.de\/index.php?rest_route=\/wp\/v2\/pages\/59\/revisions\/4118"}],"up":[{"embeddable":true,"href":"https:\/\/www.gbs-online.de\/index.php?rest_route=\/wp\/v2\/pages\/7"}],"wp:attachment":[{"href":"https:\/\/www.gbs-online.de\/index.php?rest_route=%2Fwp%2Fv2%2Fmedia&parent=59"}],"curies":[{"name":"wp","href":"https:\/\/api.w.org\/{rel}","templated":true}]}}