{"id":66,"date":"2011-12-14T20:49:35","date_gmt":"2011-12-14T19:49:35","guid":{"rendered":"http:\/\/www.gbs-online.de\/?page_id=66"},"modified":"2012-01-22T16:46:33","modified_gmt":"2012-01-22T15:46:33","slug":"lesenswertes","status":"publish","type":"page","link":"https:\/\/www.gbs-online.de\/?page_id=66","title":{"rendered":"Lesenswertes"},"content":{"rendered":"<p><em><strong>1. Das Buch \u00fcber die Georg-B\u00fcchner-Schule<\/strong><\/em><\/p>\n<p>In diesem Buch hat der Autor und ehemalige Lehrer Dietrich Plehn \u201cBekanntes und Unbekanntes\u201d \u00fcber die Georg-B\u00fcchner-Schule gesammelt.<strong><\/strong><\/p>\n<p>Das Erscheinungsjahr 2001 ist nicht ohne Hintergrund gew\u00e4hlt, denn\u00a0in diesem Jahr feiern die urspr\u00fcnglichen Darmst\u00e4dter Realanstalten ihr\u00a0175. Gr\u00fcndungsjubil\u00e4um (siehe auch \u201cGeschichte der GBS\u201d).<\/p>\n<p>Hier findet man einen Abriss vom 100 j\u00e4hrigen Jubil\u00e4um \u00fcber den\u00a02. Weltkrieg und die 60er Jahre bis in die Gegenwart.\u00a0Viele historische Bilder und Zitate pr\u00e4gen das Buch, das auch eine\u00a0Aufstellung der Lehrer von 1976 bis 2001 enth\u00e4lt.<\/p>\n<p>Das Buch ist \u00fcber den F\u00f6rderverein erh\u00e4ltlich.\u00a0 Bitte senden Sie dazu eine E-Mail an <a href=\"mailto:info@foerderverein-gbs.de\">info@foerderverein-gbs.de<\/a><\/p>\n<p>&nbsp;<\/p>\n<p><em><strong>2. Geschichte der GBS<\/strong><\/em><\/p>\n<p>Ein tabellarischer Abriss der wichtigsten Ereignisse von der Gr\u00fcndung der Darmst\u00e4dter Realgymnasiuen 1826 bis zur heutigen GBS: <a title=\"Geschichte der GBS 1826 - heute\" href=\"http:\/\/www.gbs-online.de\/fv\/dokumente\/Geschichte_der_GBS.pdf\" target=\"_blank\">Die Darmst\u00e4dter Realanstalten 1826-heute<\/a><\/p>\n","protected":false},"excerpt":{"rendered":"<p>1. Das Buch \u00fcber die Georg-B\u00fcchner-Schule In diesem Buch hat der Autor und ehemalige Lehrer Dietrich Plehn \u201cBekanntes und Unbekanntes\u201d<\/p>\n","protected":false},"author":1,"featured_media":0,"parent":7,"menu_order":27,"comment_status":"closed","ping_status":"closed","template":"","meta":{"ngg_post_thumbnail":0,"footnotes":""},"class_list":["post-66","page","type-page","status-publish","hentry"],"_links":{"self":[{"href":"https:\/\/www.gbs-online.de\/index.php?rest_route=\/wp\/v2\/pages\/66","targetHints":{"allow":["GET"]}}],"collection":[{"href":"https:\/\/www.gbs-online.de\/index.php?rest_route=\/wp\/v2\/pages"}],"about":[{"href":"https:\/\/www.gbs-online.de\/index.php?rest_route=\/wp\/v2\/types\/page"}],"author":[{"embeddable":true,"href":"https:\/\/www.gbs-online.de\/index.php?rest_route=\/wp\/v2\/users\/1"}],"replies":[{"embeddable":true,"href":"https:\/\/www.gbs-online.de\/index.php?rest_route=%2Fwp%2Fv2%2Fcomments&post=66"}],"version-history":[{"count":7,"href":"https:\/\/www.gbs-online.de\/index.php?rest_route=\/wp\/v2\/pages\/66\/revisions"}],"predecessor-version":[{"id":74,"href":"https:\/\/www.gbs-online.de\/index.php?rest_route=\/wp\/v2\/pages\/66\/revisions\/74"}],"up":[{"embeddable":true,"href":"https:\/\/www.gbs-online.de\/index.php?rest_route=\/wp\/v2\/pages\/7"}],"wp:attachment":[{"href":"https:\/\/www.gbs-online.de\/index.php?rest_route=%2Fwp%2Fv2%2Fmedia&parent=66"}],"curies":[{"name":"wp","href":"https:\/\/api.w.org\/{rel}","templated":true}]}}