{"id":68,"date":"2011-12-14T20:50:26","date_gmt":"2011-12-14T19:50:26","guid":{"rendered":"http:\/\/www.gbs-online.de\/?page_id=68"},"modified":"2025-09-07T21:45:37","modified_gmt":"2025-09-07T19:45:37","slug":"uber-uns","status":"publish","type":"page","link":"https:\/\/www.gbs-online.de\/?page_id=68","title":{"rendered":"\u00dcber uns"},"content":{"rendered":"<p>&nbsp;<\/p>\n<h2><b><span data-contrast=\"auto\">Der F\u00f6rderverein Georg-B\u00fcchner-Schule Darmstadt<\/span><\/b><span data-ccp-props=\"{}\">&nbsp;<\/span><\/h2>\n<p><span data-contrast=\"auto\">Wir sind ein eingetragener, gemeinn\u00fctziger Verein. Der vollst\u00e4ndige Name lautet: <\/span><b><i><span data-contrast=\"auto\">Verein Georg-B\u00fcchner-Schule, Gymnasium Darmstadt e.V.<\/span><\/i><\/b><span data-contrast=\"auto\"> Der Verein ist registriert beim Amtsgericht Darmstadt unter <\/span><b><i><span data-contrast=\"auto\">VR 844<\/span><\/i><\/b><span data-contrast=\"auto\">.<\/span><span data-ccp-props=\"{}\">&nbsp;<\/span><\/p>\n<p><span data-contrast=\"auto\">Unser Zweck ist die F\u00f6rderung von Ma\u00dfnahmen und Projekten an der GBS zur Verbesserung der Lern- und Unterrichtsbedingungen, sowie die Unterst\u00fctzung von Sch\u00fclerinnen und Sch\u00fclern aus finanziell herausgeforderten Familien. Unser Ziel ist, dass kein Kind an der GBS aufgrund von finanziellen Engp\u00e4ssen von Teilhabe und Bildung ausgeschlossen wird.<\/span><span data-ccp-props=\"{}\">&nbsp;<\/span><\/p>\n<p><span data-contrast=\"auto\">Mehr Details zum F\u00f6rderverein finden Sie in der aktuellen Satzung: <\/span><a href=\"http:\/\/www.gbs-online.de\/?page_id=76\"><b><i><span data-contrast=\"none\">Aktuelle Satzung<\/span><\/i><\/b><\/a><span data-contrast=\"auto\">&nbsp;<\/span><span data-ccp-props=\"{}\">&nbsp;<\/span><\/p>\n<p><span data-contrast=\"auto\">Als F\u00f6rderverein werden wir getragen von den Mitgliedsbeitr\u00e4gen unserer F\u00f6rdermitglieder und von Spenden.<\/span><span data-ccp-props=\"{}\">&nbsp;<\/span><\/p>\n<p><span data-contrast=\"auto\">Aktuell hat der F\u00f6rderverein ca. 400 F\u00f6rdermitglieder.<\/span><span data-ccp-props=\"{}\">&nbsp;<\/span><\/p>\n<h3><b><span data-contrast=\"auto\">Vorstand<\/span><\/b><span data-ccp-props=\"{}\">&nbsp;<\/span><\/h3>\n<p><span data-contrast=\"auto\">Vorsitzende: Julia Jeromin<\/span><span data-ccp-props=\"{}\">&nbsp;<br \/>\n<\/span><span data-contrast=\"auto\">Stv. Vorsitzender: Oliver Seipp&nbsp;<\/span><span data-ccp-props=\"{}\">&nbsp;<br \/>\n<\/span><span data-contrast=\"auto\">Kassenwartin: Andrea Ihringer<\/span><span data-ccp-props=\"{}\">&nbsp;<br \/>\n<\/span><span data-contrast=\"auto\">Schriftf\u00fchrerin: Christiane Fa\u00df<\/span><span data-ccp-props=\"{}\">&nbsp;<\/span><\/p>\n<h3><b><span data-contrast=\"auto\">Gremien<\/span><\/b><\/h3>\n<p><span data-contrast=\"auto\">Der <\/span><b><i><span data-contrast=\"auto\">Vorstand<\/span><\/i><\/b><span data-contrast=\"auto\"> bildet zusammen mit dem <\/span><b><i><span data-contrast=\"auto\">erweiterten Vorstand<\/span><\/i><\/b><span data-contrast=\"auto\"> (je eine Vertretung des Lehrerkollegiums, der Elternschaft, der Mitglieder, des Schulelternbeirats und der SV) den <\/span><b><i><span data-contrast=\"auto\">gemeinsamen Ausschuss<\/span><\/i><\/b><span data-contrast=\"auto\">, der \u00fcber alle F\u00f6rderantr\u00e4ge ber\u00e4t und entscheidet.<\/span><span data-ccp-props=\"{}\">&nbsp;<\/span><\/p>\n<p><span data-contrast=\"auto\">Die Termine der regelm\u00e4\u00dfigen Sitzungen finden Sie hier: <\/span><a href=\"http:\/\/www.gbs-online.de\/?page_id=47\"><b><i><span data-contrast=\"none\">Termine des F\u00f6rdervereins<\/span><\/i><\/b><\/a><span data-contrast=\"auto\">&nbsp;<\/span><span data-ccp-props=\"{}\">&nbsp;<\/span><\/p>\n<h3><b><span data-contrast=\"auto\">Was f\u00f6rdern wir<\/span><\/b><span data-ccp-props=\"{}\">&nbsp;<\/span><\/h3>\n<p><span data-contrast=\"auto\">Hier ein Auszug aus den F\u00f6rderungen der letzten Jahre<\/span><span data-ccp-props=\"{}\">&nbsp;<\/span><\/p>\n<ul>\n<li aria-setsize=\"-1\" data-leveltext=\"\uf0b7\" data-font=\"Symbol\" data-listid=\"1\" data-list-defn-props=\"{&quot;335552541&quot;:1,&quot;335559685&quot;:720,&quot;335559991&quot;:360,&quot;469769226&quot;:&quot;Symbol&quot;,&quot;469769242&quot;:[8226],&quot;469777803&quot;:&quot;left&quot;,&quot;469777804&quot;:&quot;\uf0b7&quot;,&quot;469777815&quot;:&quot;hybridMultilevel&quot;}\" data-aria-posinset=\"1\" data-aria-level=\"1\"><span data-contrast=\"auto\">Neuer Internetauftritt der GBS: <\/span><a href=\"http:\/\/www.gbs-darmstadt.de\/\"><span data-contrast=\"none\">www.gbs-darmstadt.de<\/span><\/a><\/li>\n<li aria-setsize=\"-1\" data-leveltext=\"\uf0b7\" data-font=\"Symbol\" data-listid=\"1\" data-list-defn-props=\"{&quot;335552541&quot;:1,&quot;335559685&quot;:720,&quot;335559991&quot;:360,&quot;469769226&quot;:&quot;Symbol&quot;,&quot;469769242&quot;:[8226],&quot;469777803&quot;:&quot;left&quot;,&quot;469777804&quot;:&quot;\uf0b7&quot;,&quot;469777815&quot;:&quot;hybridMultilevel&quot;}\" data-aria-posinset=\"1\" data-aria-level=\"1\"><span data-contrast=\"auto\">F\u00f6rderung der Workshoptage \u201eFaires Streiten\u201c<\/span><span data-ccp-props=\"{}\">&nbsp;<\/span><\/li>\n<li aria-setsize=\"-1\" data-leveltext=\"\uf0b7\" data-font=\"Symbol\" data-listid=\"1\" data-list-defn-props=\"{&quot;335552541&quot;:1,&quot;335559685&quot;:720,&quot;335559991&quot;:360,&quot;469769226&quot;:&quot;Symbol&quot;,&quot;469769242&quot;:[8226],&quot;469777803&quot;:&quot;left&quot;,&quot;469777804&quot;:&quot;\uf0b7&quot;,&quot;469777815&quot;:&quot;hybridMultilevel&quot;}\" data-aria-posinset=\"1\" data-aria-level=\"1\"><span data-contrast=\"auto\">Individuelle F\u00f6rderung von Sch\u00fclerinnen und Sch\u00fclern aus finanziell herausgeforderten Familien.<\/span><span data-ccp-props=\"{}\">&nbsp;<\/span><\/li>\n<li aria-setsize=\"-1\" data-leveltext=\"\uf0b7\" data-font=\"Symbol\" data-listid=\"1\" data-list-defn-props=\"{&quot;335552541&quot;:1,&quot;335559685&quot;:720,&quot;335559991&quot;:360,&quot;469769226&quot;:&quot;Symbol&quot;,&quot;469769242&quot;:[8226],&quot;469777803&quot;:&quot;left&quot;,&quot;469777804&quot;:&quot;\uf0b7&quot;,&quot;469777815&quot;:&quot;hybridMultilevel&quot;}\" data-aria-posinset=\"1\" data-aria-level=\"1\"><span data-contrast=\"auto\">Auszeichnungen Sch\u00fclerinnen und Sch\u00fcler f\u00fcr herausragende Leistungen und soziales Engagement<\/span><span data-ccp-props=\"{}\">&nbsp;<\/span><\/li>\n<li aria-setsize=\"-1\" data-leveltext=\"\uf0b7\" data-font=\"Symbol\" data-listid=\"1\" data-list-defn-props=\"{&quot;335552541&quot;:1,&quot;335559685&quot;:720,&quot;335559991&quot;:360,&quot;469769226&quot;:&quot;Symbol&quot;,&quot;469769242&quot;:[8226],&quot;469777803&quot;:&quot;left&quot;,&quot;469777804&quot;:&quot;\uf0b7&quot;,&quot;469777815&quot;:&quot;hybridMultilevel&quot;}\" data-aria-posinset=\"1\" data-aria-level=\"1\"><span data-contrast=\"auto\">Schulplaner f\u00fcr die f\u00fcnften Klassen<\/span><span data-ccp-props=\"{}\">&nbsp;<\/span><\/li>\n<li aria-setsize=\"-1\" data-leveltext=\"\uf0b7\" data-font=\"Symbol\" data-listid=\"1\" data-list-defn-props=\"{&quot;335552541&quot;:1,&quot;335559685&quot;:720,&quot;335559991&quot;:360,&quot;469769226&quot;:&quot;Symbol&quot;,&quot;469769242&quot;:[8226],&quot;469777803&quot;:&quot;left&quot;,&quot;469777804&quot;:&quot;\uf0b7&quot;,&quot;469777815&quot;:&quot;hybridMultilevel&quot;}\" data-aria-posinset=\"1\" data-aria-level=\"1\"><span data-contrast=\"auto\">Materialien f\u00fcr die Garten AG<\/span><span data-ccp-props=\"{}\">&nbsp;<\/span><\/li>\n<li aria-setsize=\"-1\" data-leveltext=\"\uf0b7\" data-font=\"Symbol\" data-listid=\"1\" data-list-defn-props=\"{&quot;335552541&quot;:1,&quot;335559685&quot;:720,&quot;335559991&quot;:360,&quot;469769226&quot;:&quot;Symbol&quot;,&quot;469769242&quot;:[8226],&quot;469777803&quot;:&quot;left&quot;,&quot;469777804&quot;:&quot;\uf0b7&quot;,&quot;469777815&quot;:&quot;hybridMultilevel&quot;}\" data-aria-posinset=\"1\" data-aria-level=\"1\"><span data-contrast=\"auto\">Musikinstrumente f\u00fcr Unterricht, Nachmittagsprogramm und AGs<\/span><span data-ccp-props=\"{}\">&nbsp;<\/span><\/li>\n<li aria-setsize=\"-1\" data-leveltext=\"\uf0b7\" data-font=\"Symbol\" data-listid=\"1\" data-list-defn-props=\"{&quot;335552541&quot;:1,&quot;335559685&quot;:720,&quot;335559991&quot;:360,&quot;469769226&quot;:&quot;Symbol&quot;,&quot;469769242&quot;:[8226],&quot;469777803&quot;:&quot;left&quot;,&quot;469777804&quot;:&quot;\uf0b7&quot;,&quot;469777815&quot;:&quot;hybridMultilevel&quot;}\" data-aria-posinset=\"1\" data-aria-level=\"1\"><span data-contrast=\"auto\">Material f\u00fcr die Bewegte Pause<\/span><span data-ccp-props=\"{}\">&nbsp;<\/span><\/li>\n<li aria-setsize=\"-1\" data-leveltext=\"\uf0b7\" data-font=\"Symbol\" data-listid=\"1\" data-list-defn-props=\"{&quot;335552541&quot;:1,&quot;335559685&quot;:720,&quot;335559991&quot;:360,&quot;469769226&quot;:&quot;Symbol&quot;,&quot;469769242&quot;:[8226],&quot;469777803&quot;:&quot;left&quot;,&quot;469777804&quot;:&quot;\uf0b7&quot;,&quot;469777815&quot;:&quot;hybridMultilevel&quot;}\" data-aria-posinset=\"1\" data-aria-level=\"1\"><span data-contrast=\"auto\">Unterrichtsmaterialien (z.B. Lernhefte, B\u00fccher, Chemikalien, Mikroskop)<\/span><span data-ccp-props=\"{}\">&nbsp;<\/span><\/li>\n<li aria-setsize=\"-1\" data-leveltext=\"\uf0b7\" data-font=\"Symbol\" data-listid=\"1\" data-list-defn-props=\"{&quot;335552541&quot;:1,&quot;335559685&quot;:720,&quot;335559991&quot;:360,&quot;469769226&quot;:&quot;Symbol&quot;,&quot;469769242&quot;:[8226],&quot;469777803&quot;:&quot;left&quot;,&quot;469777804&quot;:&quot;\uf0b7&quot;,&quot;469777815&quot;:&quot;hybridMultilevel&quot;}\" data-aria-posinset=\"1\" data-aria-level=\"1\"><span data-contrast=\"auto\">Zuschuss zum offiziellen Fahrtenprogramm der GBS<\/span><span data-ccp-props=\"{}\">&nbsp;<\/span><\/li>\n<li aria-setsize=\"-1\" data-leveltext=\"\uf0b7\" data-font=\"Symbol\" data-listid=\"1\" data-list-defn-props=\"{&quot;335552541&quot;:1,&quot;335559685&quot;:720,&quot;335559991&quot;:360,&quot;469769226&quot;:&quot;Symbol&quot;,&quot;469769242&quot;:[8226],&quot;469777803&quot;:&quot;left&quot;,&quot;469777804&quot;:&quot;\uf0b7&quot;,&quot;469777815&quot;:&quot;hybridMultilevel&quot;}\" data-aria-posinset=\"1\" data-aria-level=\"1\"><span data-contrast=\"auto\">Geb\u00fchren, Fahrtkosten, etc. f\u00fcr \u201eJugend trainiert f\u00fcr Olympia\u201c<\/span><span data-ccp-props=\"{}\">&nbsp;<\/span><\/li>\n<li aria-setsize=\"-1\" data-leveltext=\"\uf0b7\" data-font=\"Symbol\" data-listid=\"1\" data-list-defn-props=\"{&quot;335552541&quot;:1,&quot;335559685&quot;:720,&quot;335559991&quot;:360,&quot;469769226&quot;:&quot;Symbol&quot;,&quot;469769242&quot;:[8226],&quot;469777803&quot;:&quot;left&quot;,&quot;469777804&quot;:&quot;\uf0b7&quot;,&quot;469777815&quot;:&quot;hybridMultilevel&quot;}\" data-aria-posinset=\"1\" data-aria-level=\"1\"><span data-contrast=\"auto\">Zuschuss zu Austauschprogrammen (Frankreichaustausch, etc.)<\/span><span data-ccp-props=\"{}\">&nbsp;<\/span><\/li>\n<li aria-setsize=\"-1\" data-leveltext=\"\uf0b7\" data-font=\"Symbol\" data-listid=\"1\" data-list-defn-props=\"{&quot;335552541&quot;:1,&quot;335559685&quot;:720,&quot;335559991&quot;:360,&quot;469769226&quot;:&quot;Symbol&quot;,&quot;469769242&quot;:[8226],&quot;469777803&quot;:&quot;left&quot;,&quot;469777804&quot;:&quot;\uf0b7&quot;,&quot;469777815&quot;:&quot;hybridMultilevel&quot;}\" data-aria-posinset=\"1\" data-aria-level=\"1\"><span data-contrast=\"auto\">Zuschuss zu Klassenfahrten<\/span><span data-ccp-props=\"{}\">&nbsp;<\/span><\/li>\n<li aria-setsize=\"-1\" data-leveltext=\"\uf0b7\" data-font=\"Symbol\" data-listid=\"1\" data-list-defn-props=\"{&quot;335552541&quot;:1,&quot;335559685&quot;:720,&quot;335559991&quot;:360,&quot;469769226&quot;:&quot;Symbol&quot;,&quot;469769242&quot;:[8226],&quot;469777803&quot;:&quot;left&quot;,&quot;469777804&quot;:&quot;\uf0b7&quot;,&quot;469777815&quot;:&quot;hybridMultilevel&quot;}\" data-aria-posinset=\"1\" data-aria-level=\"1\"><span data-contrast=\"auto\">Zuschuss zu Sportveranstaltungen<\/span><\/li>\n<li aria-setsize=\"-1\" data-leveltext=\"\uf0b7\" data-font=\"Symbol\" data-listid=\"1\" data-list-defn-props=\"{&quot;335552541&quot;:1,&quot;335559685&quot;:720,&quot;335559991&quot;:360,&quot;469769226&quot;:&quot;Symbol&quot;,&quot;469769242&quot;:[8226],&quot;469777803&quot;:&quot;left&quot;,&quot;469777804&quot;:&quot;\uf0b7&quot;,&quot;469777815&quot;:&quot;hybridMultilevel&quot;}\" data-aria-posinset=\"1\" data-aria-level=\"1\"><span data-contrast=\"auto\">Zuschuss zu Studienfahrten und zur Gedenkst\u00e4ttenfahrt nach Polen<\/span><span data-ccp-props=\"{}\">&nbsp;<\/span><\/li>\n<li aria-setsize=\"-1\" data-leveltext=\"\uf0b7\" data-font=\"Symbol\" data-listid=\"1\" data-list-defn-props=\"{&quot;335552541&quot;:1,&quot;335559685&quot;:720,&quot;335559991&quot;:360,&quot;469769226&quot;:&quot;Symbol&quot;,&quot;469769242&quot;:[8226],&quot;469777803&quot;:&quot;left&quot;,&quot;469777804&quot;:&quot;\uf0b7&quot;,&quot;469777815&quot;:&quot;hybridMultilevel&quot;}\" data-aria-posinset=\"1\" data-aria-level=\"1\"><span data-contrast=\"auto\">Zuschuss oder Kosten\u00fcbernahme von individuellen Projekten<\/span><span data-ccp-props=\"{}\">&nbsp;<\/span><\/li>\n<li aria-setsize=\"-1\" data-leveltext=\"\uf0b7\" data-font=\"Symbol\" data-listid=\"1\" data-list-defn-props=\"{&quot;335552541&quot;:1,&quot;335559685&quot;:720,&quot;335559991&quot;:360,&quot;469769226&quot;:&quot;Symbol&quot;,&quot;469769242&quot;:[8226],&quot;469777803&quot;:&quot;left&quot;,&quot;469777804&quot;:&quot;\uf0b7&quot;,&quot;469777815&quot;:&quot;hybridMultilevel&quot;}\" data-aria-posinset=\"1\" data-aria-level=\"1\"><span data-contrast=\"auto\">Unterst\u00fctzung der \u201eDigitale Helden\u201c AG<\/span><span data-ccp-props=\"{}\">&nbsp;<\/span><\/li>\n<li aria-setsize=\"-1\" data-leveltext=\"\uf0b7\" data-font=\"Symbol\" data-listid=\"1\" data-list-defn-props=\"{&quot;335552541&quot;:1,&quot;335559685&quot;:720,&quot;335559991&quot;:360,&quot;469769226&quot;:&quot;Symbol&quot;,&quot;469769242&quot;:[8226],&quot;469777803&quot;:&quot;left&quot;,&quot;469777804&quot;:&quot;\uf0b7&quot;,&quot;469777815&quot;:&quot;hybridMultilevel&quot;}\" data-aria-posinset=\"1\" data-aria-level=\"1\"><span data-contrast=\"auto\">Zuschuss zur Musikfreizeit<\/span><span data-ccp-props=\"{}\">&nbsp;<\/span><\/li>\n<li aria-setsize=\"-1\" data-leveltext=\"\uf0b7\" data-font=\"Symbol\" data-listid=\"1\" data-list-defn-props=\"{&quot;335552541&quot;:1,&quot;335559685&quot;:720,&quot;335559991&quot;:360,&quot;469769226&quot;:&quot;Symbol&quot;,&quot;469769242&quot;:[8226],&quot;469777803&quot;:&quot;left&quot;,&quot;469777804&quot;:&quot;\uf0b7&quot;,&quot;469777815&quot;:&quot;hybridMultilevel&quot;}\" data-aria-posinset=\"1\" data-aria-level=\"1\"><span data-contrast=\"auto\">uvm\u2026<\/span><span data-ccp-props=\"{}\">&nbsp;<\/span><\/li>\n<\/ul>\n<p><span data-contrast=\"auto\">Erfahrungsberichte werden auf der Homepage der Georg-B\u00fcchner-Schule ver\u00f6ffentlicht: <\/span><a href=\"http:\/\/www.gbs-darmstadt.de\/\"><b><i><span data-contrast=\"none\">www.gbs-darmstadt.de<\/span><\/i><\/b><\/a><span data-ccp-props=\"{}\">&nbsp;<\/span><\/p>\n<p><span data-ccp-props=\"{}\">&nbsp;<\/span><\/p>\n","protected":false},"excerpt":{"rendered":"<p>&nbsp; Der F\u00f6rderverein Georg-B\u00fcchner-Schule Darmstadt&nbsp; Wir sind ein eingetragener, gemeinn\u00fctziger Verein. Der vollst\u00e4ndige Name lautet: Verein Georg-B\u00fcchner-Schule, Gymnasium Darmstadt e.V.<\/p>\n","protected":false},"author":1,"featured_media":0,"parent":7,"menu_order":28,"comment_status":"closed","ping_status":"closed","template":"","meta":{"ngg_post_thumbnail":0,"footnotes":""},"class_list":["post-68","page","type-page","status-publish","hentry"],"_links":{"self":[{"href":"https:\/\/www.gbs-online.de\/index.php?rest_route=\/wp\/v2\/pages\/68","targetHints":{"allow":["GET"]}}],"collection":[{"href":"https:\/\/www.gbs-online.de\/index.php?rest_route=\/wp\/v2\/pages"}],"about":[{"href":"https:\/\/www.gbs-online.de\/index.php?rest_route=\/wp\/v2\/types\/page"}],"author":[{"embeddable":true,"href":"https:\/\/www.gbs-online.de\/index.php?rest_route=\/wp\/v2\/users\/1"}],"replies":[{"embeddable":true,"href":"https:\/\/www.gbs-online.de\/index.php?rest_route=%2Fwp%2Fv2%2Fcomments&post=68"}],"version-history":[{"count":13,"href":"https:\/\/www.gbs-online.de\/index.php?rest_route=\/wp\/v2\/pages\/68\/revisions"}],"predecessor-version":[{"id":4218,"href":"https:\/\/www.gbs-online.de\/index.php?rest_route=\/wp\/v2\/pages\/68\/revisions\/4218"}],"up":[{"embeddable":true,"href":"https:\/\/www.gbs-online.de\/index.php?rest_route=\/wp\/v2\/pages\/7"}],"wp:attachment":[{"href":"https:\/\/www.gbs-online.de\/index.php?rest_route=%2Fwp%2Fv2%2Fmedia&parent=68"}],"curies":[{"name":"wp","href":"https:\/\/api.w.org\/{rel}","templated":true}]}}