{"id":7,"date":"2011-12-14T18:04:23","date_gmt":"2011-12-14T17:04:23","guid":{"rendered":"http:\/\/www.gbs-online.de\/?page_id=7"},"modified":"2023-11-07T05:13:51","modified_gmt":"2023-11-07T04:13:51","slug":"forderverein","status":"publish","type":"page","link":"https:\/\/www.gbs-online.de\/?page_id=7","title":{"rendered":"F\u00f6rderverein"},"content":{"rendered":"<p>Der <strong><em>Verein Georg-B\u00fcchner-Schule, Gymnasium Darmstadt e.V.<\/em><\/strong> (kurz: F\u00f6rderverein) setzt sich aktiv daf\u00fcr ein, die Lern- und Unterrichtsbedingungen unserer Kinder an der Georg-B\u00fcchner Schule (kurz: GBS) zu verbessern. Aktuell hat der F\u00f6derverein knapp 420 Mitglieder. Jedes Jahr f\u00f6rdern wir zur Unterst\u00fctzung der Sch\u00fclerinnen und Sch\u00fcler eine Vielzahl von Projekten.<\/p>\n<p>Alle Infos rund um den F\u00f6rderverein (Termine, Satzung, Kontaktdaten, etc.) finden Sie leicht zug\u00e4ngig \u00fcber die Verlinkungen <em><strong>rechts in der Navigationsleiste<\/strong><\/em> unter &#8222;<em><strong>F\u00f6rderverein<\/strong><\/em>&#8222;.&nbsp; Viel Spa\u00df beim St\u00f6bern. Sollten Sie eine Information vermissen, so senden Sie bitte eine E-Mail an <a title=\"E-Mail an den F\u00f6rderverein GBS Darmstadt\" href=\"mailto:info@foerderverein-gbs.de\" target=\"_blank\" rel=\"noopener\">info@foerderverein-gbs.de<\/a>.<\/p>\n<p><em><strong>Sind Sie schon Mitglied im F\u00f6rderverein der GBS Darmstadt?<\/strong><\/em><\/p>\n<p>Ja? Herzlichen Gl\u00fcckwunsch und vielen Dank f\u00fcr Ihre Unterst\u00fctzung.<\/p>\n<p>Nicht? Uiuiuiuiuiuiui \u2013 dann wird\u2019s aber h\u00f6chste Zeit \ud83d\ude42<\/p>\n<p>Wir vom F\u00f6rderverein der GBS Darmstadt suchen st\u00e4ndig neue F\u00f6rderer, die uns dabei helfen, \u201cunsere\u201d GBS in Schuss zu halten und die Lernbedingungen unserer Kinder zu verbessern. In Zeiten notorisch leerer Kassen ist die Arbeit des F\u00f6rdervereins wichtiger denn je. Jedes Jahr f\u00f6rdern wir an der GBS Dutzende von Projekten mit kleineren oder gr\u00f6\u00dferen Summen. Insbesondere die Anschaffung moderner elektronischer Medien und Ger\u00e4te (Laptops, Beamer, Software, etc.) \u00fcberfordert oft die knappen Budgets der Schule.&nbsp; Hier springt regelm\u00e4\u00dfig der F\u00f6rderverein in die Bresche und sorgt f\u00fcr eine Linderung der gr\u00f6\u00dften N\u00f6te. Auch die Auslands- und Austauschfahrten werden vom F\u00f6rderverein unterst\u00fctzt, um die Kosten der Fahrt f\u00fcr jeden erschwinglich zu halten. Das Nachmittagsprogramm l\u00e4uft ebenfalls \u00fcber den F\u00f6rderverein, usw., usw\u2026<\/p>\n<p>Zus\u00e4tzlich verleiht der F\u00f6rderverein j\u00e4hrlich Auszeichnungen an Sch\u00fclerinnen und Sch\u00fcler f\u00fcr herausragende Leistungen und besonderes soziales Engagement an der GBS.<\/p>\n<p>Damit das auch in Zukunft so bleibt, brauchen wir Sie (ja, genau Sie!) als F\u00f6rderer der GBS. Schon ab 20 Euro Jahresbeitrag sind Sie dabei.<\/p>\n<p>Bei Interesse einfach eine E-Mail an <a title=\"E-Mail an den F\u00f6rderverein GBS Darmstadt\" href=\"mailto:info@foerderverein-gbs.de\" target=\"_blank\" rel=\"noopener\">info@foerderverein-gbs.de<\/a> senden.&nbsp; Oder nutzen Sie den Link zu unserer <a title=\"Beitrittserkl\u00e4rung als PDF zum Download\" href=\"http:\/\/www.gbs-online.de\/fv\/dokumente\/beitrittserklaerung.pdf\" target=\"_blank\" rel=\"noopener\">Beitrittserkl\u00e4rung<\/a>.&nbsp; Diese drucken Sie bitte aus und senden sie ausgef\u00fcllt an uns zur\u00fcck.<\/p>\n<p>Vielen Dank an alle, die den F\u00f6rderverein unterst\u00fctzen.<\/p>\n","protected":false},"excerpt":{"rendered":"<p>Der Verein Georg-B\u00fcchner-Schule, Gymnasium Darmstadt e.V. (kurz: F\u00f6rderverein) setzt sich aktiv daf\u00fcr ein, die Lern- und Unterrichtsbedingungen unserer Kinder an<\/p>\n","protected":false},"author":1,"featured_media":0,"parent":0,"menu_order":20,"comment_status":"closed","ping_status":"closed","template":"","meta":{"ngg_post_thumbnail":0,"footnotes":""},"class_list":["post-7","page","type-page","status-publish","hentry"],"_links":{"self":[{"href":"https:\/\/www.gbs-online.de\/index.php?rest_route=\/wp\/v2\/pages\/7","targetHints":{"allow":["GET"]}}],"collection":[{"href":"https:\/\/www.gbs-online.de\/index.php?rest_route=\/wp\/v2\/pages"}],"about":[{"href":"https:\/\/www.gbs-online.de\/index.php?rest_route=\/wp\/v2\/types\/page"}],"author":[{"embeddable":true,"href":"https:\/\/www.gbs-online.de\/index.php?rest_route=\/wp\/v2\/users\/1"}],"replies":[{"embeddable":true,"href":"https:\/\/www.gbs-online.de\/index.php?rest_route=%2Fwp%2Fv2%2Fcomments&post=7"}],"version-history":[{"count":24,"href":"https:\/\/www.gbs-online.de\/index.php?rest_route=\/wp\/v2\/pages\/7\/revisions"}],"predecessor-version":[{"id":4122,"href":"https:\/\/www.gbs-online.de\/index.php?rest_route=\/wp\/v2\/pages\/7\/revisions\/4122"}],"wp:attachment":[{"href":"https:\/\/www.gbs-online.de\/index.php?rest_route=%2Fwp%2Fv2%2Fmedia&parent=7"}],"curies":[{"name":"wp","href":"https:\/\/api.w.org\/{rel}","templated":true}]}}